{"id":2257,"date":"2018-06-03T10:25:15","date_gmt":"2018-06-03T10:25:15","guid":{"rendered":"https:\/\/estelsdelsud.com\/lodgings\/hotel-beseit-la-fabrica-de-solfa\/"},"modified":"2024-12-20T16:22:02","modified_gmt":"2024-12-20T16:22:02","slug":"la-fabrica-de-solfa-hotel","status":"publish","type":"page","link":"https:\/\/estelsdelsud.com\/en\/lodgings\/la-fabrica-de-solfa-hotel\/","title":{"rendered":"La F\u00e1brica de Solfa Hotel"},"content":{"rendered":"<p>[et_pb_section fb_built=&#8221;1&#8243; _builder_version=&#8221;4.16&#8243; global_colors_info=&#8221;{}&#8221;][et_pb_row _builder_version=&#8221;4.16&#8243; background_size=&#8221;initial&#8221; background_position=&#8221;top_left&#8221; background_repeat=&#8221;repeat&#8221; global_colors_info=&#8221;{}&#8221;][et_pb_column type=&#8221;4_4&#8243; _builder_version=&#8221;4.16&#8243; custom_padding=&#8221;|||&#8221; global_colors_info=&#8221;{}&#8221; custom_padding__hover=&#8221;|||&#8221;][et_pb_text admin_label=&#8221;Header&#8221; _builder_version=&#8221;4.16&#8243; text_font_size=&#8221;45&#8243; header_text_color=&#8221;#000000&#8243; background_size=&#8221;initial&#8221; background_position=&#8221;top_left&#8221; background_repeat=&#8221;repeat&#8221; text_orientation=&#8221;center&#8221; max_width_tablet=&#8221;&#8221; max_width_phone=&#8221;&#8221; max_width_last_edited=&#8221;on|phone&#8221; module_alignment=&#8221;center&#8221; custom_margin=&#8221;||10px|&#8221; text_font_size_tablet=&#8221;35&#8243; text_font_size_phone=&#8221;25&#8243; text_font_size_last_edited=&#8221;off|phone&#8221; header_font_size_last_edited=&#8221;off|desktop&#8221; custom_css_main_element=&#8221;font-weight:900!important;&#8221; global_colors_info=&#8221;{}&#8221;]<\/p>\n<h2>La F\u00e1brica de Solfa Hotel<\/h2>\n<p>[\/et_pb_text][et_pb_divider color=&#8221;#568FF6&#8243; divider_position=&#8221;center&#8221; divider_weight=&#8221;2&#8243; admin_label=&#8221;Divider (Centered)&#8221; _builder_version=&#8221;4.16&#8243; custom_css_before=&#8221;width: 100px;||left: 50%;||margin-right: -50%;||transform: translate(-50%);&#8221; hide_on_mobile=&#8221;off&#8221; global_colors_info=&#8221;{}&#8221;]&nbsp;<br \/>\n[\/et_pb_divider][\/et_pb_column][\/et_pb_row][et_pb_row column_structure=&#8221;1_2,1_2&#8243; admin_label=&#8221;Row&#8221; _builder_version=&#8221;4.16&#8243; background_size=&#8221;initial&#8221; background_position=&#8221;top_left&#8221; background_repeat=&#8221;repeat&#8221; global_colors_info=&#8221;{}&#8221;][et_pb_column type=&#8221;1_2&#8243; _builder_version=&#8221;4.16&#8243; background_position=&#8221;top_left&#8221; custom_padding=&#8221;|||&#8221; global_colors_info=&#8221;{}&#8221; custom_padding__hover=&#8221;|||&#8221;][et_pb_text admin_label=&#8221;Subheader&#8221; _builder_version=&#8221;4.23.2&#8243; background_size=&#8221;initial&#8221; background_position=&#8221;top_left&#8221; background_repeat=&#8221;repeat&#8221; max_width=&#8221;720px&#8221; custom_margin=&#8221;0px||40px|&#8221; custom_margin_tablet=&#8221;0px||38px|&#8221; custom_margin_phone=&#8221;&#8221; custom_margin_last_edited=&#8221;on|phone&#8221; custom_css_main_element=&#8221;font-weight:300;&#8221; global_colors_info=&#8221;{}&#8221;]<\/p>\n<p>A family hotel adapted for persons with reduced mobility, it is equipped with a lift, Internet (wi-fi) connection, a lounge with a chimney and a bar with a garden terrace looking upon the river. It is ideal for families. An extra bed can be provided for each room (with a price suplement). No TV available. Pets are not allowed.<\/p>\n<p>The Hotel is lodged in a historical paper mill on the banks of the Matarranya River. The mill was completely refurbished with a contemporary, clean design.<\/p>\n<p>Each of our eight modern and comfortable rooms (no television) is named after one of the paper mills that in the past prospered by the river: Pont Nou, Bat\u00e1, Morat\u00f3, Taraganya, Noguera, Mart\u00ed, Cremada and Tosc\u00e1.<\/p>\n<p>You do not need to register to the Hotel to enjoy our culinary specialties in the cozy dining room with views to the Matarranya River.<\/p>\n<p>The pleasure of being in a hustle-free environment.<\/p>\n<p><strong>La F\u00e1brica de Solfa<\/strong> Hotel believes in the Slow Travel philosophy, an intelligent type of tourism to enjoy the scenery, the cultural heritage and the gastronomy in peace.<\/p>\n<p>The pillars of Slow Travel are the conservation of the environment, the traditional cuisine, unconventional destinations, a more personal approach, the wealth of cultural resources and above all\u2026 quality.<\/p>\n<p>We can also offer additional activities through SENDA Tourism Services.<\/p>\n<h6><\/h6>\n<h6 class=\"et_pb_module_header\">Prices<\/h6>\n<div class=\"et_pb_blurb_description\">\n<ul>\n<li><strong>MP:<\/strong>\u00a0 78 \u20ac\u00a0\u00a0 (<span class=\"HwtZe\" jsaction=\"mouseup:Sxi9L,BR6jm; mousedown:qjlr0e\" jsname=\"jqKxS\" lang=\"en\"><span jsaction=\"agoMJf:PFBcW;MZfLnc:P7O7bd;nt4Alf:pvnm0e,pfE8Hb,PFBcW;B01qod:dJXsye;H1e5u:iXtTIf;lYIUJf:hij5Wb;bmeZHc:iURhpf;Oxj3Xe:qAKMYb,yaf12d\" jsname=\"txFAF\" class=\"jCAhz ChMk0b\" jscontroller=\"Gn4SMb\"><span class=\"ryNqvb\" jsaction=\"click:E6Tfl,GFf3ac,tMZCfe; contextmenu:Nqw7Te,QP7LD; mouseout:Nqw7Te; mouseover:E6Tfl,c2aHje\" jsname=\"W297wb\">room for single use, supplement 20\u20ac<\/span><\/span><\/span>)<strong><\/strong><\/li>\n<li><strong>PICNIC: <\/strong>\u00a012 \u20ac<\/li>\n<\/ul>\n<p>Tourist tax included. P<span class=\"tlid-translation translation\" lang=\"en\"><span title=\"\" class=\"\">rices are per person.<\/span><\/span><\/p>\n<\/div>\n<p>[\/et_pb_text][\/et_pb_column][et_pb_column type=&#8221;1_2&#8243; _builder_version=&#8221;4.16&#8243; background_position=&#8221;top_left&#8221; custom_padding=&#8221;|||&#8221; global_colors_info=&#8221;{}&#8221; custom_padding__hover=&#8221;|||&#8221;][et_pb_blurb title=&#8221;Arrabal del Pont, 16 &#8211; 44588 BECEITE&#8221; url=&#8221;mailto:calesbarberes@hotmail.com&#8221; use_icon=&#8221;on&#8221; font_icon=&#8221;&#xe074;||divi||400&#8243; icon_color=&#8221;#568FF6&#8243; icon_placement=&#8221;left&#8221; image_icon_width=&#8221;30px&#8221; admin_label=&#8221;Blurb&#8221; module_class=&#8221;mp_blurb_icon_hover&#8221; _builder_version=&#8221;4.16&#8243; header_font_size=&#8221;21&#8243; body_text_color=&#8221;#666a74&#8243; animation=&#8221;off&#8221; custom_css_blurb_image=&#8221;text-align: left;||margin-bottom: 8px;&#8221; custom_css_blurb_title=&#8221;font-weight: 500;&#8221; custom_css_blurb_content=&#8221;font-weight:300;&#8221; border_style=&#8221;solid&#8221; icon_font_size=&#8221;30px&#8221; global_colors_info=&#8221;{}&#8221;]&nbsp;<br \/>\n[\/et_pb_blurb][et_pb_blurb title=&#8221;info@fabricadesolfa.com&#8221; url=&#8221;mailto:info@websenda.com&#8221; use_icon=&#8221;on&#8221; font_icon=&#8221;&#xe076;||divi||400&#8243; icon_color=&#8221;#568FF6&#8243; icon_placement=&#8221;left&#8221; image_icon_width=&#8221;30px&#8221; admin_label=&#8221;Blurb&#8221; module_class=&#8221;mp_blurb_icon_hover&#8221; _builder_version=&#8221;4.16&#8243; header_font_size=&#8221;21&#8243; body_text_color=&#8221;#666a74&#8243; animation=&#8221;off&#8221; custom_css_blurb_image=&#8221;text-align: left;||margin-bottom: 8px;&#8221; custom_css_blurb_title=&#8221;font-weight: 500;&#8221; custom_css_blurb_content=&#8221;font-weight:300;&#8221; border_style=&#8221;solid&#8221; icon_font_size=&#8221;30px&#8221; global_colors_info=&#8221;{}&#8221;]&nbsp;<br \/>\n[\/et_pb_blurb][et_pb_blurb title=&#8221;978850756 &#8211; +34620217120&#8243; use_icon=&#8221;on&#8221; font_icon=&#8221;&#xe090;||divi||400&#8243; icon_color=&#8221;#568FF6&#8243; icon_placement=&#8221;left&#8221; image_icon_width=&#8221;30px&#8221; admin_label=&#8221;Blurb&#8221; module_class=&#8221;mp_blurb_icon_hover&#8221; _builder_version=&#8221;4.23.4&#8243; header_font_size=&#8221;21&#8243; body_text_color=&#8221;#666a74&#8243; animation=&#8221;off&#8221; hover_enabled=&#8221;0&#8243; custom_css_blurb_image=&#8221;text-align: left;||margin-bottom: 8px;&#8221; custom_css_blurb_title=&#8221;font-weight: 500;&#8221; custom_css_blurb_content=&#8221;font-weight:300;&#8221; icon_font_size=&#8221;30px&#8221; global_colors_info=&#8221;{}&#8221; sticky_enabled=&#8221;0&#8243;][\/et_pb_blurb][et_pb_blurb title=&#8221;www.fabricadesolfa.com&#8221; url=&#8221;http:\/\/www.websenda.com&#8221; url_new_window=&#8221;on&#8221; use_icon=&#8221;on&#8221; font_icon=&#8221;&#xe0e2;||divi||400&#8243; icon_color=&#8221;#568FF6&#8243; icon_placement=&#8221;left&#8221; image_icon_width=&#8221;30px&#8221; admin_label=&#8221;Blurb&#8221; module_class=&#8221;mp_blurb_icon_hover&#8221; _builder_version=&#8221;4.16&#8243; header_font_size=&#8221;21&#8243; body_text_color=&#8221;#666a74&#8243; animation=&#8221;off&#8221; custom_css_blurb_image=&#8221;text-align: left;||margin-bottom: 8px;&#8221; custom_css_blurb_title=&#8221;font-weight: 500;&#8221; custom_css_blurb_content=&#8221;font-weight:300;&#8221; icon_font_size=&#8221;30px&#8221; global_colors_info=&#8221;{}&#8221;]&nbsp;<br \/>\n[\/et_pb_blurb][\/et_pb_column][\/et_pb_row][et_pb_row _builder_version=&#8221;4.16&#8243; background_size=&#8221;initial&#8221; background_position=&#8221;top_left&#8221; background_repeat=&#8221;repeat&#8221; global_colors_info=&#8221;{}&#8221;][et_pb_column type=&#8221;4_4&#8243; _builder_version=&#8221;4.16&#8243; custom_padding=&#8221;|||&#8221; global_colors_info=&#8221;{}&#8221; custom_padding__hover=&#8221;|||&#8221;][et_pb_gallery gallery_ids=&#8221;776,774,773,772&#8243; gallery_captions=&#8221;,,,,&#8221; posts_number=&#8221;12&#8243; show_title_and_caption=&#8221;off&#8221; show_pagination=&#8221;off&#8221; _builder_version=&#8221;4.16&#8243; global_colors_info=&#8221;{}&#8221;]&nbsp;<br \/>\n[\/et_pb_gallery][\/et_pb_column][\/et_pb_row][\/et_pb_section]<\/p>\n","protected":false},"excerpt":{"rendered":"<p>La F\u00e1brica de Solfa Hotel &nbsp; A family hotel adapted for persons with reduced mobility, it is equipped with a lift, Internet (wi-fi) connection, a lounge with a chimney and a bar with a garden terrace looking upon the river. It is ideal for families. An extra bed can be provided for each room (with [&hellip;]<\/p>\n","protected":false},"author":1,"featured_media":0,"parent":2230,"menu_order":2,"comment_status":"closed","ping_status":"closed","template":"","meta":{"_et_pb_use_builder":"on","_et_pb_old_content":"","_et_gb_content_width":"","_exactmetrics_skip_tracking":false,"_exactmetrics_sitenote_active":false,"_exactmetrics_sitenote_note":"","_exactmetrics_sitenote_category":0,"footnotes":""},"class_list":["post-2257","page","type-page","status-publish","hentry"],"_links":{"self":[{"href":"https:\/\/estelsdelsud.com\/en\/wp-json\/wp\/v2\/pages\/2257","targetHints":{"allow":["GET"]}}],"collection":[{"href":"https:\/\/estelsdelsud.com\/en\/wp-json\/wp\/v2\/pages"}],"about":[{"href":"https:\/\/estelsdelsud.com\/en\/wp-json\/wp\/v2\/types\/page"}],"author":[{"embeddable":true,"href":"https:\/\/estelsdelsud.com\/en\/wp-json\/wp\/v2\/users\/1"}],"replies":[{"embeddable":true,"href":"https:\/\/estelsdelsud.com\/en\/wp-json\/wp\/v2\/comments?post=2257"}],"version-history":[{"count":6,"href":"https:\/\/estelsdelsud.com\/en\/wp-json\/wp\/v2\/pages\/2257\/revisions"}],"predecessor-version":[{"id":4009,"href":"https:\/\/estelsdelsud.com\/en\/wp-json\/wp\/v2\/pages\/2257\/revisions\/4009"}],"up":[{"embeddable":true,"href":"https:\/\/estelsdelsud.com\/en\/wp-json\/wp\/v2\/pages\/2230"}],"wp:attachment":[{"href":"https:\/\/estelsdelsud.com\/en\/wp-json\/wp\/v2\/media?parent=2257"}],"curies":[{"name":"wp","href":"https:\/\/api.w.org\/{rel}","templated":true}]}}