{"id":1073,"date":"2018-06-03T10:32:09","date_gmt":"2018-06-03T10:32:09","guid":{"rendered":"https:\/\/estelsdelsud.com\/?page_id=1073"},"modified":"2021-04-11T16:20:23","modified_gmt":"2021-04-11T16:20:23","slug":"partida","status":"publish","type":"page","link":"https:\/\/estelsdelsud.com\/ca\/la-travessa\/partida\/","title":{"rendered":"Travessa Partida"},"content":{"rendered":"<p>[et_pb_section fb_built=&#8221;1&#8243; disabled_on=&#8221;off|off|off&#8221; admin_label=&#8221;Header Section&#8221; _builder_version=&#8221;3.22&#8243; background_color=&#8221;rgba(0,0,0,0.75)&#8221; background_image=&#8221;https:\/\/estelsdelsud.com\/wp-content\/uploads\/2018\/03\/les-roques-de-benet-i-les-gronses.jpg&#8221; background_position=&#8221;top_center&#8221; background_blend=&#8221;overlay&#8221; custom_padding=&#8221;0px||0px|&#8221; padding_mobile=&#8221;on&#8221; collapsed=&#8221;off&#8221;][et_pb_row column_padding_mobile=&#8221;on&#8221; custom_padding_last_edited=&#8221;on|phone&#8221; admin_label=&#8221;row&#8221; _builder_version=&#8221;3.25&#8243; background_size=&#8221;initial&#8221; background_position=&#8221;top_left&#8221; background_repeat=&#8221;repeat&#8221; custom_padding=&#8221;80px||40px|&#8221; custom_padding_tablet=&#8221;&#8221; custom_padding_phone=&#8221;&#8221;][et_pb_column type=&#8221;4_4&#8243; _builder_version=&#8221;3.25&#8243; background_position=&#8221;top_left&#8221; custom_padding=&#8221;|||&#8221; custom_padding__hover=&#8221;|||&#8221;][et_pb_text admin_label=&#8221;Preheader&#8221; _builder_version=&#8221;3.27.4&#8243; text_font=&#8221;||||||||&#8221; text_text_color=&#8221;#568FF6&#8243; text_font_size=&#8221;23&#8243; background_size=&#8221;initial&#8221; background_position=&#8221;top_left&#8221; background_repeat=&#8221;repeat&#8221; background_layout=&#8221;dark&#8221; custom_margin=&#8221;||13px|&#8221; text_font_size_tablet=&#8221;16&#8243; text_font_size_phone=&#8221;14&#8243; text_font_size_last_edited=&#8221;on|phone&#8221; custom_css_main_element=&#8221;font-weight:600;&#8221; border_style=&#8221;solid&#8221;]Estels del Sud<br \/>\n[\/et_pb_text][et_pb_text admin_label=&#8221;Title&#8221; _builder_version=&#8221;3.27.4&#8243; text_line_height=&#8221;48px&#8221; background_size=&#8221;initial&#8221; background_position=&#8221;top_left&#8221; background_repeat=&#8221;repeat&#8221; background_layout=&#8221;dark&#8221; max_width_tablet=&#8221;&#8221; max_width_phone=&#8221;&#8221; max_width_last_edited=&#8221;on|phone&#8221; custom_margin=&#8221;||22px|&#8221; text_font_size_tablet=&#8221;35&#8243; text_font_size_phone=&#8221;25&#8243; text_font_size_last_edited=&#8221;off|desktop&#8221; header_font_size_last_edited=&#8221;off|desktop&#8221; custom_css_main_element=&#8221;font-weight:900!important;&#8221; border_style=&#8221;solid&#8221;]<\/p>\n<h1>Travessa Partida<\/h1>\n<p>[\/et_pb_text][et_pb_text admin_label=&#8221;Subheader&#8221; _builder_version=&#8221;3.27.4&#8243; text_text_color=&#8221;#ffffff&#8221; text_font_size=&#8221;18&#8243; background_size=&#8221;initial&#8221; background_position=&#8221;top_left&#8221; background_repeat=&#8221;repeat&#8221; background_layout=&#8221;dark&#8221; max_width=&#8221;700px&#8221; custom_margin=&#8221;0px||40px|&#8221; custom_margin_tablet=&#8221;0px||38px|&#8221; custom_margin_phone=&#8221;&#8221; custom_margin_last_edited=&#8221;on|desktop&#8221; custom_css_main_element=&#8221;font-weight: 300;&#8221; border_style=&#8221;solid&#8221;]<\/p>\n<p>Si no teniu cinc dies per realitzar la travessa completa d&#8217;<strong>Estels del Sud<\/strong>, et donem \u00a0l\u2019opci\u00f3 de realitzar-la en dues parts<\/p>\n<p>[\/et_pb_text][\/et_pb_column][\/et_pb_row][\/et_pb_section][et_pb_section fb_built=&#8221;1&#8243; admin_label=&#8221;Highlights 3&#8243; _builder_version=&#8221;3.22&#8243; custom_padding=&#8221;||0px|&#8221; collapsed=&#8221;off&#8221;][et_pb_row custom_padding_last_edited=&#8221;on|desktop&#8221; admin_label=&#8221;Row&#8221; _builder_version=&#8221;3.25&#8243; background_size=&#8221;initial&#8221; background_position=&#8221;top_left&#8221; background_repeat=&#8221;repeat&#8221; custom_padding_tablet=&#8221;||20px|&#8221; custom_padding_phone=&#8221;&#8221;][et_pb_column type=&#8221;4_4&#8243; _builder_version=&#8221;3.25&#8243; background_position=&#8221;top_left&#8221; custom_padding=&#8221;|||&#8221; custom_padding__hover=&#8221;|||&#8221;][et_pb_text admin_label=&#8221;Header&#8221; _builder_version=&#8221;3.27.4&#8243; text_font_size=&#8221;45&#8243; header_text_color=&#8221;#000000&#8243; header_font_size=&#8221;45&#8243; background_size=&#8221;initial&#8221; background_position=&#8221;top_left&#8221; background_repeat=&#8221;repeat&#8221; text_orientation=&#8221;center&#8221; max_width_tablet=&#8221;&#8221; max_width_phone=&#8221;&#8221; max_width_last_edited=&#8221;on|phone&#8221; module_alignment=&#8221;center&#8221; custom_margin=&#8221;||10px|&#8221; text_font_size_tablet=&#8221;35&#8243; text_font_size_phone=&#8221;25&#8243; text_font_size_last_edited=&#8221;off|phone&#8221; header_font_size_last_edited=&#8221;off|desktop&#8221; custom_css_main_element=&#8221;font-weight:900!important;&#8221;]<\/p>\n<h2>Travessa Partida<\/h2>\n<p>[\/et_pb_text][et_pb_divider color=&#8221;#568FF6&#8243; divider_position=&#8221;center&#8221; divider_weight=&#8221;2&#8243; admin_label=&#8221;Divider (Centered)&#8221; _builder_version=&#8221;3.2&#8243; custom_css_before=&#8221;width: 100px;||left: 50%;||margin-right: -50%;||transform: translate(-50%);&#8221; hide_on_mobile=&#8221;off&#8221;][\/et_pb_divider][\/et_pb_column][\/et_pb_row][\/et_pb_section][et_pb_section fb_built=&#8221;1&#8243; custom_padding_last_edited=&#8221;on|tablet&#8221; admin_label=&#8221;Highlights 1&#8243; module_id=&#8221;more&#8221; _builder_version=&#8221;3.22&#8243; custom_padding=&#8221;0px||0px|&#8221; custom_padding_tablet=&#8221;54px||0px|&#8221; custom_padding_phone=&#8221;&#8221; custom_css_main_element=&#8221;overflow: hidden;&#8221; collapsed=&#8221;off&#8221;][et_pb_row admin_label=&#8221;Row&#8221; _builder_version=&#8221;3.25&#8243; background_size=&#8221;initial&#8221; background_position=&#8221;top_left&#8221; background_repeat=&#8221;repeat&#8221; column_structure=&#8221;1_2,1_2&#8243;][et_pb_column type=&#8221;1_2&#8243; _builder_version=&#8221;3.25&#8243; background_position=&#8221;top_left&#8221; custom_padding=&#8221;|||&#8221; custom_padding_tablet=&#8221;||42px|&#8221; custom_padding_last_edited=&#8221;on|phone&#8221; padding_tablet=&#8221;||42px|&#8221; padding_last_edited=&#8221;on|phone&#8221; custom_padding__hover=&#8221;|||&#8221;][et_pb_text admin_label=&#8221;Subheader&#8221; _builder_version=&#8221;3.27.4&#8243; background_size=&#8221;initial&#8221; background_position=&#8221;top_left&#8221; background_repeat=&#8221;repeat&#8221; max_width=&#8221;720px&#8221; custom_margin=&#8221;0px||40px|&#8221; custom_margin_tablet=&#8221;0px||38px|&#8221; custom_margin_phone=&#8221;&#8221; custom_margin_last_edited=&#8221;on|phone&#8221; custom_css_main_element=&#8221;font-weight:300;&#8221; border_style=&#8221;solid&#8221;]<\/p>\n<p>Si no teniu cinc dies per realitzar la travessa completa d&#8217;<strong>Estels del Sud<\/strong> i voleu tenir opci\u00f3 al \u201c<a href=\"https:\/\/estelsdelsud.com\/ca\/la-travessa\/morralet\/\"><strong>morralet<\/strong><\/a>\u201d i a la samarreta exclusiva de la travessa, et donem \u00a0l\u2019opci\u00f3 de realitzar-la en dues parts.<\/p>\n<p>Com realitzar la travessa d&#8217;Estels del Sud en dues parts:<\/p>\n<ul>\n<li>Es podr\u00e0 dividir en una part de dues jornades i\u00a0 un altre de tres. Podent-la realitzar en les dues direccions possibles tenint en compte la proximitat dels transfers. Pa\u00fcls i Beseit seran els punts d&#8217;inici i final de les dues parts.\n<ul>\n<li>Tram de dues etapes: Pa\u00fcls-Arnes- Beseit o Beseit-Arnes-Pa\u00fcls<\/li>\n<li>Tram de tres etapes: Pa\u00fcls-Caro-Font Ferrera-Beseit o Beseit-Font Ferrera-Caro-Pa\u00fcls.<\/li>\n<\/ul>\n<\/li>\n<li>Es formalitzar\u00e0 la inscripci\u00f3 igual que a la travessa sencera incloent-hi les pagues i senyals dels allotjaments de tot el recorregut, i concretant les dates de les dues parts.<\/li>\n<li>El <a href=\"https:\/\/estelsdelsud.com\/ca\/la-travessa\/morralet\/\"><strong>morralet<\/strong><\/a> s&#8217;entregar\u00e0 en el primer allotjament on es pernocti i la samarreta en l&#8217;\u00faltim allotjament on es pernocti. \u00c9s obligatori la pernoctaci\u00f3 de com a m\u00ednim 4 allotjaments de la travessa..<\/li>\n<li>Els transfers de Beseit\/Pa\u00fcls o Pa\u00fcls\/Beseit podeu fer-los vosaltres mateixos amb combinaci\u00f3 de cotxes o us els podem facilitar. <strong><a href=\"https:\/\/estelsdelsud.com\/ca\/la-travessa\/serveis\/transfers-equipatges\/\">Informaci\u00f3 transfers.<\/a><\/strong> El pagament del transfer es far\u00e0 directament a qui el realitzi.<\/li>\n<li>Tamb\u00e9 \u00e9s obligatori tenir en vig\u00e8ncia la tarja federativa, en cas contrari us facilitem l&#8217;asseguran\u00e7a per les dates que feu la travessa. Preu: 2,50 al dia.<\/li>\n<li>Envia&#8217;ns el full d&#8217;inscripci\u00f3 complimentat\u00a0 i et respondrem el m\u00e9s aviat possible<\/li>\n<\/ul>\n<p>[\/et_pb_text][\/et_pb_column][et_pb_column type=&#8221;1_2&#8243; module_class=&#8221;ds-carousel-section&#8221; _builder_version=&#8221;3.25&#8243; background_position=&#8221;top_left&#8221; custom_padding=&#8221;|||&#8221; custom_padding_tablet=&#8221;||42px|&#8221; custom_padding_last_edited=&#8221;off|tablet&#8221; padding_tablet=&#8221;||42px|&#8221; padding_last_edited=&#8221;off|tablet&#8221; custom_padding__hover=&#8221;|||&#8221;][et_pb_divider show_divider=&#8221;off&#8221; _builder_version=&#8221;3.2&#8243;][\/et_pb_divider][et_pb_gallery gallery_ids=&#8221;678,679,,,,,&#8221; gallery_captions=&#8221;OLYMPUS DIGITAL CAMERA,,,,,,&#8221; fullwidth=&#8221;on&#8221; _builder_version=&#8221;3.0.92&#8243; title_font=&#8221;||||||||&#8221; pagination_font_size_tablet=&#8221;51&#8243; pagination_line_height_tablet=&#8221;2&#8243;][\/et_pb_gallery][\/et_pb_column][\/et_pb_row][\/et_pb_section][et_pb_section fb_built=&#8221;1&#8243; admin_label=&#8221;Call To Action&#8221; _builder_version=&#8221;3.22&#8243; background_color=&#8221;rgba(0,0,0,0.75)&#8221; use_background_color_gradient=&#8221;on&#8221; background_color_gradient_start=&#8221;#383838&#8243; background_color_gradient_end=&#8221;#3d3d3d&#8221; background_color_gradient_direction=&#8221;163deg&#8221; custom_padding=&#8221;50px||50px|&#8221; custom_padding_tablet=&#8221;0px||0px|&#8221; collapsed=&#8221;off&#8221;][et_pb_row admin_label=&#8221;Row&#8221; _builder_version=&#8221;3.25&#8243; background_size=&#8221;initial&#8221; background_position=&#8221;top_left&#8221; background_repeat=&#8221;repeat&#8221;][et_pb_column type=&#8221;4_4&#8243; _builder_version=&#8221;3.25&#8243; custom_padding=&#8221;|||&#8221; custom_padding__hover=&#8221;|||&#8221;][et_pb_text admin_label=&#8221;Header&#8221; _builder_version=&#8221;3.27.4&#8243; text_font_size=&#8221;45&#8243; header_text_color=&#8221;#000000&#8243; header_font_size=&#8221;45&#8243; background_size=&#8221;initial&#8221; background_position=&#8221;top_left&#8221; background_repeat=&#8221;repeat&#8221; text_orientation=&#8221;center&#8221; background_layout=&#8221;dark&#8221; max_width_tablet=&#8221;&#8221; max_width_phone=&#8221;&#8221; max_width_last_edited=&#8221;on|phone&#8221; module_alignment=&#8221;center&#8221; custom_margin=&#8221;||10px|&#8221; text_font_size_tablet=&#8221;35&#8243; text_font_size_phone=&#8221;25&#8243; text_font_size_last_edited=&#8221;off|phone&#8221; header_font_size_last_edited=&#8221;off|desktop&#8221; custom_css_main_element=&#8221;font-weight:900!important;&#8221; border_style=&#8221;solid&#8221;]<\/p>\n<h2 class=\"et_pb_module_header\">Inscriu-te ara !<\/h2>\n<p>[\/et_pb_text][et_pb_text admin_label=&#8221;Subheader&#8221; _builder_version=&#8221;4.9.3&#8243; text_text_color=&#8221;#afafb0&#8243; background_size=&#8221;initial&#8221; background_position=&#8221;top_left&#8221; background_repeat=&#8221;repeat&#8221; text_orientation=&#8221;center&#8221; max_width=&#8221;720px&#8221; module_alignment=&#8221;center&#8221; custom_margin=&#8221;0px||40px|&#8221; custom_margin_tablet=&#8221;0px||38px|&#8221; custom_margin_phone=&#8221;&#8221; custom_margin_last_edited=&#8221;on|phone&#8221; hover_enabled=&#8221;0&#8243; custom_css_main_element=&#8221;font-weight:300;&#8221; border_style=&#8221;solid&#8221; sticky_enabled=&#8221;0&#8243;]<\/p>\n<p>Emplena el Formulari de Contacte i ens posarem en contacte amb vost\u00e8 per poder informar-li de tots els detalls y formalitzar la reserva.<\/p>\n<p><strong>Tingueu en conte que mentra durin les restriccions de mobilitat decretades per l\u2019Administraci\u00f3 degut a la pandemia del Coronavirus, i tenint en conta que la travessa es desenvolupa en dues comunitats autonomes diferents i en diverses comarques catalanes, dites restriccions s\u2019hauran de tenir en conta abans de formalitzar una reserva i no s\u2019hauran de tramitar reserves mentra hi hagin dites restriccions.<\/strong><\/p>\n<p>[\/et_pb_text][et_pb_button button_url=&#8221;https:\/\/estelsdelsud.com\/ca\/inscripcions\/&#8221; button_text=&#8221;INSCRIPCI\u00d3 ONLINE&#8221; button_alignment=&#8221;center&#8221; admin_label=&#8221;Button&#8221; _builder_version=&#8221;3.16&#8243; button_icon=&#8221;%%18%%&#8221; background_layout=&#8221;dark&#8221; custom_css_main_element=&#8221;padding-top: 10px !important;||padding-right: 22px !important;||padding-bottom: 10px !important;||padding-left: 22px !important;||font-size: 14px;&#8221; button_text_size__hover_enabled=&#8221;off&#8221; button_one_text_size__hover_enabled=&#8221;off&#8221; button_two_text_size__hover_enabled=&#8221;off&#8221; button_text_color__hover_enabled=&#8221;off&#8221; button_one_text_color__hover_enabled=&#8221;off&#8221; button_two_text_color__hover_enabled=&#8221;off&#8221; button_border_width__hover_enabled=&#8221;off&#8221; button_one_border_width__hover_enabled=&#8221;off&#8221; button_two_border_width__hover_enabled=&#8221;off&#8221; button_border_color__hover_enabled=&#8221;off&#8221; button_one_border_color__hover_enabled=&#8221;off&#8221; button_two_border_color__hover_enabled=&#8221;off&#8221; button_border_radius__hover_enabled=&#8221;off&#8221; button_one_border_radius__hover_enabled=&#8221;off&#8221; button_two_border_radius__hover_enabled=&#8221;off&#8221; button_letter_spacing__hover_enabled=&#8221;off&#8221; button_one_letter_spacing__hover_enabled=&#8221;off&#8221; button_two_letter_spacing__hover_enabled=&#8221;off&#8221; button_bg_color__hover_enabled=&#8221;off&#8221; button_one_bg_color__hover_enabled=&#8221;off&#8221; button_two_bg_color__hover_enabled=&#8221;off&#8221;][\/et_pb_button][\/et_pb_column][\/et_pb_row][\/et_pb_section]<\/p>\n","protected":false},"excerpt":{"rendered":"<p>Estels del Sud Travessa Partida Si no teniu cinc dies per realitzar la travessa completa d&#8217;Estels del Sud, et donem \u00a0l\u2019opci\u00f3 de realitzar-la en dues partsTravessa Partida Si no teniu cinc dies per realitzar la travessa completa d&#8217;Estels del Sud i voleu tenir opci\u00f3 al \u201cmorralet\u201d i a la samarreta exclusiva de la travessa, et [&hellip;]<\/p>\n","protected":false},"author":1,"featured_media":0,"parent":1055,"menu_order":3,"comment_status":"closed","ping_status":"closed","template":"","meta":{"_et_pb_use_builder":"on","_et_pb_old_content":"","_et_gb_content_width":"","_exactmetrics_skip_tracking":false,"_exactmetrics_sitenote_active":false,"_exactmetrics_sitenote_note":"","_exactmetrics_sitenote_category":0,"footnotes":""},"class_list":["post-1073","page","type-page","status-publish","hentry"],"_links":{"self":[{"href":"https:\/\/estelsdelsud.com\/ca\/wp-json\/wp\/v2\/pages\/1073","targetHints":{"allow":["GET"]}}],"collection":[{"href":"https:\/\/estelsdelsud.com\/ca\/wp-json\/wp\/v2\/pages"}],"about":[{"href":"https:\/\/estelsdelsud.com\/ca\/wp-json\/wp\/v2\/types\/page"}],"author":[{"embeddable":true,"href":"https:\/\/estelsdelsud.com\/ca\/wp-json\/wp\/v2\/users\/1"}],"replies":[{"embeddable":true,"href":"https:\/\/estelsdelsud.com\/ca\/wp-json\/wp\/v2\/comments?post=1073"}],"version-history":[{"count":1,"href":"https:\/\/estelsdelsud.com\/ca\/wp-json\/wp\/v2\/pages\/1073\/revisions"}],"predecessor-version":[{"id":3212,"href":"https:\/\/estelsdelsud.com\/ca\/wp-json\/wp\/v2\/pages\/1073\/revisions\/3212"}],"up":[{"embeddable":true,"href":"https:\/\/estelsdelsud.com\/ca\/wp-json\/wp\/v2\/pages\/1055"}],"wp:attachment":[{"href":"https:\/\/estelsdelsud.com\/ca\/wp-json\/wp\/v2\/media?parent=1073"}],"curies":[{"name":"wp","href":"https:\/\/api.w.org\/{rel}","templated":true}]}}