{"id":1067,"date":"2018-06-03T10:31:01","date_gmt":"2018-06-03T10:31:01","guid":{"rendered":"https:\/\/estelsdelsud.com\/?page_id=1067"},"modified":"2023-08-04T15:49:17","modified_gmt":"2023-08-04T15:49:17","slug":"serveis","status":"publish","type":"page","link":"https:\/\/estelsdelsud.com\/ca\/la-travessa\/serveis\/","title":{"rendered":"Serveis"},"content":{"rendered":"<p>[et_pb_section fb_built=&#8221;1&#8243; disabled_on=&#8221;off|off|off&#8221; admin_label=&#8221;Header Section&#8221; _builder_version=&#8221;4.16&#8243; background_color=&#8221;rgba(0,0,0,0.75)&#8221; background_image=&#8221;https:\/\/estelsdelsud.com\/wp-content\/uploads\/2018\/03\/estels-del-sud-arnes-beseit-08.jpg&#8221; parallax=&#8221;on&#8221; parallax_method=&#8221;off&#8221; custom_padding=&#8221;0px||0px|&#8221; custom_padding_tablet=&#8221;0px||0px|&#8221; padding_mobile=&#8221;on&#8221; collapsed=&#8221;off&#8221; global_colors_info=&#8221;{}&#8221;][et_pb_row column_padding_mobile=&#8221;on&#8221; custom_padding_last_edited=&#8221;on|phone&#8221; admin_label=&#8221;row&#8221; _builder_version=&#8221;4.16&#8243; background_size=&#8221;initial&#8221; background_position=&#8221;top_left&#8221; background_repeat=&#8221;repeat&#8221; custom_padding=&#8221;80px||40px|&#8221; custom_padding_tablet=&#8221;&#8221; custom_padding_phone=&#8221;&#8221; global_colors_info=&#8221;{}&#8221;][et_pb_column type=&#8221;4_4&#8243; _builder_version=&#8221;4.16&#8243; background_position=&#8221;top_left&#8221; custom_padding=&#8221;|||&#8221; global_colors_info=&#8221;{}&#8221; custom_padding__hover=&#8221;|||&#8221;][et_pb_text admin_label=&#8221;Title&#8221; _builder_version=&#8221;4.16&#8243; text_line_height=&#8221;48px&#8221; background_size=&#8221;initial&#8221; background_position=&#8221;top_left&#8221; background_repeat=&#8221;repeat&#8221; background_layout=&#8221;dark&#8221; max_width_tablet=&#8221;&#8221; max_width_phone=&#8221;&#8221; max_width_last_edited=&#8221;on|phone&#8221; custom_margin=&#8221;||22px|&#8221; text_font_size_tablet=&#8221;35&#8243; text_font_size_phone=&#8221;25&#8243; text_font_size_last_edited=&#8221;off|desktop&#8221; header_font_size_last_edited=&#8221;off|desktop&#8221; custom_css_main_element=&#8221;font-weight:900!important;&#8221; global_colors_info=&#8221;{}&#8221;]<\/p>\n<h1>Serveis Adicionals<\/h1>\n<p>[\/et_pb_text][\/et_pb_column][\/et_pb_row][\/et_pb_section][et_pb_section fb_built=&#8221;1&#8243; admin_label=&#8221;Highlights 3&#8243; _builder_version=&#8221;4.16&#8243; custom_padding=&#8221;||0px|&#8221; collapsed=&#8221;off&#8221; global_colors_info=&#8221;{}&#8221;][et_pb_row custom_padding_last_edited=&#8221;on|desktop&#8221; admin_label=&#8221;Row&#8221; _builder_version=&#8221;4.16&#8243; background_size=&#8221;initial&#8221; background_position=&#8221;top_left&#8221; background_repeat=&#8221;repeat&#8221; custom_padding_tablet=&#8221;||20px|&#8221; custom_padding_phone=&#8221;&#8221; global_colors_info=&#8221;{}&#8221;][et_pb_column type=&#8221;4_4&#8243; _builder_version=&#8221;4.16&#8243; background_position=&#8221;top_left&#8221; custom_padding=&#8221;|||&#8221; global_colors_info=&#8221;{}&#8221; custom_padding__hover=&#8221;|||&#8221;][et_pb_text admin_label=&#8221;Preheader&#8221; _builder_version=&#8221;4.16&#8243; text_font=&#8221;||||||||&#8221; text_text_color=&#8221;#568FF6&#8243; text_font_size=&#8221;18&#8243; background_size=&#8221;initial&#8221; background_position=&#8221;top_left&#8221; background_repeat=&#8221;repeat&#8221; text_orientation=&#8221;center&#8221; module_alignment=&#8221;center&#8221; custom_margin=&#8221;||15px|&#8221; text_font_size_tablet=&#8221;16&#8243; text_font_size_phone=&#8221;14&#8243; text_font_size_last_edited=&#8221;on|phone&#8221; custom_css_main_element=&#8221;font-weight:300;&#8221; border_style=&#8221;solid&#8221; global_colors_info=&#8221;{}&#8221;]A m\u00e9s, l&#8217;organitzaci\u00f3 us ofereix<br \/>\n[\/et_pb_text][et_pb_text admin_label=&#8221;Header&#8221; _builder_version=&#8221;4.16&#8243; text_font_size=&#8221;45&#8243; header_text_color=&#8221;#000000&#8243; header_font_size=&#8221;45&#8243; background_size=&#8221;initial&#8221; background_position=&#8221;top_left&#8221; background_repeat=&#8221;repeat&#8221; text_orientation=&#8221;center&#8221; max_width_tablet=&#8221;&#8221; max_width_phone=&#8221;&#8221; max_width_last_edited=&#8221;on|phone&#8221; module_alignment=&#8221;center&#8221; custom_margin=&#8221;||10px|&#8221; text_font_size_tablet=&#8221;35&#8243; text_font_size_phone=&#8221;25&#8243; text_font_size_last_edited=&#8221;off|phone&#8221; header_font_size_last_edited=&#8221;off|desktop&#8221; custom_css_main_element=&#8221;font-weight:900!important;&#8221; border_style=&#8221;solid&#8221; global_colors_info=&#8221;{}&#8221;]<\/p>\n<h2>Serveis Adicionals<\/h2>\n<p>[\/et_pb_text][et_pb_divider color=&#8221;#568FF6&#8243; divider_position=&#8221;center&#8221; divider_weight=&#8221;2&#8243; admin_label=&#8221;Divider (Centered)&#8221; _builder_version=&#8221;4.16&#8243; custom_css_before=&#8221;width: 100px;||left: 50%;||margin-right: -50%;||transform: translate(-50%);&#8221; hide_on_mobile=&#8221;off&#8221; global_colors_info=&#8221;{}&#8221;][\/et_pb_divider][\/et_pb_column][\/et_pb_row][\/et_pb_section][et_pb_section fb_built=&#8221;1&#8243; _builder_version=&#8221;4.16&#8243; global_colors_info=&#8221;{}&#8221;][et_pb_row column_structure=&#8221;1_3,1_3,1_3&#8243; _builder_version=&#8221;4.16&#8243; global_colors_info=&#8221;{}&#8221;][et_pb_column type=&#8221;1_3&#8243; _builder_version=&#8221;4.16&#8243; custom_padding=&#8221;|||&#8221; global_colors_info=&#8221;{}&#8221; custom_padding__hover=&#8221;|||&#8221;][et_pb_blurb title=&#8221;Transfers Equipajes&#8221; url=&#8221;https:\/\/estelsdelsud.com\/ca\/la-travessa\/serveis\/transfers-equipatges\/&#8221; image=&#8221;https:\/\/estelsdelsud.com\/wp-content\/uploads\/2018\/06\/transfers-equipajes.jpg&#8221; _builder_version=&#8221;4.16&#8243; text_orientation=&#8221;center&#8221; global_colors_info=&#8221;{}&#8221;]Si vols fer la travessa sense carregar molt de pes a l\u2019esquena, et podem facilitar el trasllat del teu equipatge. Aix\u00ed podr\u00e0s caminar molt m\u00e9s descansat i sols tindr\u00e0s que preocupar-te de gaudir del paisatge.<br \/>\n[\/et_pb_blurb][et_pb_button button_url=&#8221;https:\/\/estelsdelsud.com\/ca\/la-travessa\/serveis\/transfers-equipatges\/&#8221; button_text=&#8221;Saber-ne M\u00e9s&#8221; button_alignment=&#8221;center&#8221; _builder_version=&#8221;4.16&#8243; background_layout=&#8221;dark&#8221; global_colors_info=&#8221;{}&#8221; button_text_size__hover_enabled=&#8221;off&#8221; button_one_text_size__hover_enabled=&#8221;off&#8221; button_two_text_size__hover_enabled=&#8221;off&#8221; button_text_color__hover_enabled=&#8221;off&#8221; button_one_text_color__hover_enabled=&#8221;off&#8221; button_two_text_color__hover_enabled=&#8221;off&#8221; button_border_width__hover_enabled=&#8221;off&#8221; button_one_border_width__hover_enabled=&#8221;off&#8221; button_two_border_width__hover_enabled=&#8221;off&#8221; button_border_color__hover_enabled=&#8221;off&#8221; button_one_border_color__hover_enabled=&#8221;off&#8221; button_two_border_color__hover_enabled=&#8221;off&#8221; button_border_radius__hover_enabled=&#8221;off&#8221; button_one_border_radius__hover_enabled=&#8221;off&#8221; button_two_border_radius__hover_enabled=&#8221;off&#8221; button_letter_spacing__hover_enabled=&#8221;off&#8221; button_one_letter_spacing__hover_enabled=&#8221;off&#8221; button_two_letter_spacing__hover_enabled=&#8221;off&#8221; button_bg_color__hover_enabled=&#8221;off&#8221; button_one_bg_color__hover_enabled=&#8221;off&#8221; button_two_bg_color__hover_enabled=&#8221;off&#8221;][\/et_pb_button][\/et_pb_column][et_pb_column type=&#8221;1_3&#8243; _builder_version=&#8221;4.16&#8243; custom_padding=&#8221;|||&#8221; global_colors_info=&#8221;{}&#8221; custom_padding__hover=&#8221;|||&#8221;][et_pb_blurb title=&#8221;Travessa Guiada&#8221; url=&#8221;https:\/\/estelsdelsud.com\/ca\/la-travessa\/serveis\/travessa-guiada\/&#8221; image=&#8221;https:\/\/estelsdelsud.com\/wp-content\/uploads\/2018\/06\/travesia-guiada.jpg&#8221; _builder_version=&#8221;4.17.1&#8243; text_orientation=&#8221;center&#8221; global_colors_info=&#8221;{}&#8221;]<\/p>\n<p><span>Si vols realitzar la travessa acompanyat d&#8217;un Guia de Muntanya sol\u00b7licita\u2019ns informaci\u00f3<\/span>.<\/p>\n<p>[\/et_pb_blurb][et_pb_button button_url=&#8221;https:\/\/estelsdelsud.com\/ca\/la-travessa\/serveis\/travessa-guiada\/&#8221; button_text=&#8221;Saber-ne M\u00e9s&#8221; button_alignment=&#8221;center&#8221; _builder_version=&#8221;4.16&#8243; background_layout=&#8221;dark&#8221; global_colors_info=&#8221;{}&#8221; button_text_size__hover_enabled=&#8221;off&#8221; button_one_text_size__hover_enabled=&#8221;off&#8221; button_two_text_size__hover_enabled=&#8221;off&#8221; button_text_color__hover_enabled=&#8221;off&#8221; button_one_text_color__hover_enabled=&#8221;off&#8221; button_two_text_color__hover_enabled=&#8221;off&#8221; button_border_width__hover_enabled=&#8221;off&#8221; button_one_border_width__hover_enabled=&#8221;off&#8221; button_two_border_width__hover_enabled=&#8221;off&#8221; button_border_color__hover_enabled=&#8221;off&#8221; button_one_border_color__hover_enabled=&#8221;off&#8221; button_two_border_color__hover_enabled=&#8221;off&#8221; button_border_radius__hover_enabled=&#8221;off&#8221; button_one_border_radius__hover_enabled=&#8221;off&#8221; button_two_border_radius__hover_enabled=&#8221;off&#8221; button_letter_spacing__hover_enabled=&#8221;off&#8221; button_one_letter_spacing__hover_enabled=&#8221;off&#8221; button_two_letter_spacing__hover_enabled=&#8221;off&#8221; button_bg_color__hover_enabled=&#8221;off&#8221; button_one_bg_color__hover_enabled=&#8221;off&#8221; button_two_bg_color__hover_enabled=&#8221;off&#8221;][\/et_pb_button][\/et_pb_column][et_pb_column type=&#8221;1_3&#8243; _builder_version=&#8221;4.16&#8243; custom_padding=&#8221;|||&#8221; global_colors_info=&#8221;{}&#8221; custom_padding__hover=&#8221;|||&#8221;][et_pb_blurb title=&#8221;Guia&#8221; url=&#8221;https:\/\/estelsdelsud.com\/ca\/la-travessa\/serveis\/guia\/&#8221; image=&#8221;https:\/\/estelsdelsud.com\/wp-content\/uploads\/2018\/06\/guiaestelsdelsud.jpg&#8221; _builder_version=&#8221;4.16&#8243; text_orientation=&#8221;center&#8221; global_colors_info=&#8221;{}&#8221;]Aquesta \u00e9s la <strong>Guia excursionista<\/strong> on trobareu descrita en ambdues direccions la travessa de cinc etapes. Tamb\u00e9 hi podreu trobar alternatives per pujar a cims i algunes variants per poder fer travesses de 2, 3 o 4 dies.<br \/>\n[\/et_pb_blurb][et_pb_button button_url=&#8221;https:\/\/estelsdelsud.com\/ca\/la-travessa\/serveis\/guia\/&#8221; button_text=&#8221;Saber-ne M\u00e9s&#8221; button_alignment=&#8221;center&#8221; _builder_version=&#8221;4.16&#8243; background_layout=&#8221;dark&#8221; global_colors_info=&#8221;{}&#8221; button_text_size__hover_enabled=&#8221;off&#8221; button_one_text_size__hover_enabled=&#8221;off&#8221; button_two_text_size__hover_enabled=&#8221;off&#8221; button_text_color__hover_enabled=&#8221;off&#8221; button_one_text_color__hover_enabled=&#8221;off&#8221; button_two_text_color__hover_enabled=&#8221;off&#8221; button_border_width__hover_enabled=&#8221;off&#8221; button_one_border_width__hover_enabled=&#8221;off&#8221; button_two_border_width__hover_enabled=&#8221;off&#8221; button_border_color__hover_enabled=&#8221;off&#8221; button_one_border_color__hover_enabled=&#8221;off&#8221; button_two_border_color__hover_enabled=&#8221;off&#8221; button_border_radius__hover_enabled=&#8221;off&#8221; button_one_border_radius__hover_enabled=&#8221;off&#8221; button_two_border_radius__hover_enabled=&#8221;off&#8221; button_letter_spacing__hover_enabled=&#8221;off&#8221; button_one_letter_spacing__hover_enabled=&#8221;off&#8221; button_two_letter_spacing__hover_enabled=&#8221;off&#8221; button_bg_color__hover_enabled=&#8221;off&#8221; button_one_bg_color__hover_enabled=&#8221;off&#8221; button_two_bg_color__hover_enabled=&#8221;off&#8221;][\/et_pb_button][\/et_pb_column][\/et_pb_row][\/et_pb_section][et_pb_section fb_built=&#8221;1&#8243; admin_label=&#8221;Call To Action&#8221; _builder_version=&#8221;4.16&#8243; background_color=&#8221;#568ff6&#8243; background_color_gradient_direction=&#8221;163deg&#8221; custom_padding=&#8221;50px||50px|&#8221; custom_padding_tablet=&#8221;0px||0px|&#8221; collapsed=&#8221;off&#8221; global_colors_info=&#8221;{}&#8221;][et_pb_row admin_label=&#8221;Row&#8221; _builder_version=&#8221;4.16&#8243; background_size=&#8221;initial&#8221; background_position=&#8221;top_left&#8221; background_repeat=&#8221;repeat&#8221; global_colors_info=&#8221;{}&#8221;][et_pb_column type=&#8221;4_4&#8243; _builder_version=&#8221;4.16&#8243; custom_padding=&#8221;|||&#8221; global_colors_info=&#8221;{}&#8221; custom_padding__hover=&#8221;|||&#8221;][et_pb_text admin_label=&#8221;Header&#8221; _builder_version=&#8221;4.16&#8243; text_font_size=&#8221;45&#8243; header_text_color=&#8221;#000000&#8243; header_font_size=&#8221;45&#8243; background_size=&#8221;initial&#8221; background_position=&#8221;top_left&#8221; background_repeat=&#8221;repeat&#8221; text_orientation=&#8221;center&#8221; background_layout=&#8221;dark&#8221; max_width_tablet=&#8221;&#8221; max_width_phone=&#8221;&#8221; max_width_last_edited=&#8221;on|phone&#8221; module_alignment=&#8221;center&#8221; custom_margin=&#8221;||10px|&#8221; text_font_size_tablet=&#8221;35&#8243; text_font_size_phone=&#8221;25&#8243; text_font_size_last_edited=&#8221;off|phone&#8221; header_font_size_last_edited=&#8221;off|desktop&#8221; custom_css_main_element=&#8221;font-weight:900!important;&#8221; border_style=&#8221;solid&#8221; global_colors_info=&#8221;{}&#8221;]<\/p>\n<h2 class=\"et_pb_module_header\">Inscriu-te ara !<\/h2>\n<p>[\/et_pb_text][et_pb_text admin_label=&#8221;Subheader&#8221; _builder_version=&#8221;4.21.2&#8243; text_font=&#8221;||||||||&#8221; text_text_color=&#8221;#ffffff&#8221; background_size=&#8221;initial&#8221; background_position=&#8221;top_left&#8221; background_repeat=&#8221;repeat&#8221; text_orientation=&#8221;center&#8221; max_width=&#8221;720px&#8221; module_alignment=&#8221;center&#8221; custom_margin=&#8221;0px||40px|&#8221; custom_margin_tablet=&#8221;0px||38px|&#8221; custom_margin_phone=&#8221;&#8221; custom_margin_last_edited=&#8221;on|phone&#8221; hover_enabled=&#8221;0&#8243; custom_css_main_element=&#8221;font-weight:300;&#8221; border_style=&#8221;solid&#8221; global_colors_info=&#8221;{}&#8221; sticky_enabled=&#8221;0&#8243;]<\/p>\n<p>Empleni el Formulari de Contacte i ens posarem en contacte amb vost\u00e8 per poder informar-li de tots els detalls i formalitzar la reserva.<\/p>\n<p><strong>\u00a0<\/strong><\/p>\n<p>[\/et_pb_text][et_pb_button button_url=&#8221;https:\/\/estelsdelsud.com\/ca\/inscripcions\/&#8221; button_text=&#8221;INSCRIPCI\u00d3 ONLINE&#8221; button_alignment=&#8221;center&#8221; admin_label=&#8221;Button&#8221; _builder_version=&#8221;4.16&#8243; custom_button=&#8221;on&#8221; button_text_color=&#8221;#568ff6&#8243; button_bg_color=&#8221;#ffffff&#8221; button_font=&#8221;||||||||&#8221; button_icon=&#8221;&#x33;||divi||400&#8243; background_layout=&#8221;dark&#8221; custom_css_main_element=&#8221;padding-top: 10px !important;||padding-right: 22px !important;||padding-bottom: 10px !important;||padding-left: 22px !important;||font-size: 14px;&#8221; global_colors_info=&#8221;{}&#8221; button_text_size__hover_enabled=&#8221;off&#8221; button_one_text_size__hover_enabled=&#8221;off&#8221; button_two_text_size__hover_enabled=&#8221;off&#8221; button_text_color__hover_enabled=&#8221;off&#8221; button_one_text_color__hover_enabled=&#8221;off&#8221; button_two_text_color__hover_enabled=&#8221;off&#8221; button_border_width__hover_enabled=&#8221;off&#8221; button_one_border_width__hover_enabled=&#8221;off&#8221; button_two_border_width__hover_enabled=&#8221;off&#8221; button_border_color__hover_enabled=&#8221;off&#8221; button_one_border_color__hover_enabled=&#8221;off&#8221; button_two_border_color__hover_enabled=&#8221;off&#8221; button_border_radius__hover_enabled=&#8221;off&#8221; button_one_border_radius__hover_enabled=&#8221;off&#8221; button_two_border_radius__hover_enabled=&#8221;off&#8221; button_letter_spacing__hover_enabled=&#8221;off&#8221; button_one_letter_spacing__hover_enabled=&#8221;off&#8221; button_two_letter_spacing__hover_enabled=&#8221;off&#8221; button_bg_color__hover_enabled=&#8221;off&#8221; button_one_bg_color__hover_enabled=&#8221;off&#8221; button_two_bg_color__hover_enabled=&#8221;off&#8221;][\/et_pb_button][\/et_pb_column][\/et_pb_row][\/et_pb_section]<\/p>\n","protected":false},"excerpt":{"rendered":"<p>Serveis Adicionals A m\u00e9s, l&#8217;organitzaci\u00f3 us ofereix Serveis Adicionals Si vols fer la travessa sense carregar molt de pes a l\u2019esquena, et podem facilitar el trasllat del teu equipatge. Aix\u00ed podr\u00e0s caminar molt m\u00e9s descansat i sols tindr\u00e0s que preocupar-te de gaudir del paisatge. Si vols realitzar la travessa acompanyat d&#8217;un Guia de Muntanya sol\u00b7licita\u2019ns [&hellip;]<\/p>\n","protected":false},"author":1,"featured_media":0,"parent":1055,"menu_order":2,"comment_status":"closed","ping_status":"closed","template":"","meta":{"_et_pb_use_builder":"on","_et_pb_old_content":"","_et_gb_content_width":"","_exactmetrics_skip_tracking":false,"_exactmetrics_sitenote_active":false,"_exactmetrics_sitenote_note":"","_exactmetrics_sitenote_category":0,"footnotes":""},"class_list":["post-1067","page","type-page","status-publish","hentry"],"_links":{"self":[{"href":"https:\/\/estelsdelsud.com\/ca\/wp-json\/wp\/v2\/pages\/1067","targetHints":{"allow":["GET"]}}],"collection":[{"href":"https:\/\/estelsdelsud.com\/ca\/wp-json\/wp\/v2\/pages"}],"about":[{"href":"https:\/\/estelsdelsud.com\/ca\/wp-json\/wp\/v2\/types\/page"}],"author":[{"embeddable":true,"href":"https:\/\/estelsdelsud.com\/ca\/wp-json\/wp\/v2\/users\/1"}],"replies":[{"embeddable":true,"href":"https:\/\/estelsdelsud.com\/ca\/wp-json\/wp\/v2\/comments?post=1067"}],"version-history":[{"count":3,"href":"https:\/\/estelsdelsud.com\/ca\/wp-json\/wp\/v2\/pages\/1067\/revisions"}],"predecessor-version":[{"id":3715,"href":"https:\/\/estelsdelsud.com\/ca\/wp-json\/wp\/v2\/pages\/1067\/revisions\/3715"}],"up":[{"embeddable":true,"href":"https:\/\/estelsdelsud.com\/ca\/wp-json\/wp\/v2\/pages\/1055"}],"wp:attachment":[{"href":"https:\/\/estelsdelsud.com\/ca\/wp-json\/wp\/v2\/media?parent=1067"}],"curies":[{"name":"wp","href":"https:\/\/api.w.org\/{rel}","templated":true}]}}